{"id":34,"date":"2013-05-12T09:30:04","date_gmt":"2013-05-12T09:30:04","guid":{"rendered":"http:\/\/www.dianapenzion.cz\/web\/?page_id=34"},"modified":"2020-01-06T14:35:52","modified_gmt":"2020-01-06T14:35:52","slug":"kontakty","status":"publish","type":"page","link":"https:\/\/www.dianapenzion.cz\/web\/kontakty\/","title":{"rendered":"Kontakty"},"content":{"rendered":"<div class=\"grid\"><div class=\"c-one-half \">\n<h3><em><strong>Adresa<\/strong><\/em><\/h3>\n<p><img loading=\"lazy\" class=\"alignnone size-full wp-image-51\" src=\"https:\/\/www.dianapenzion.cz\/web\/wp-content\/uploads\/2018\/12\/Logo-AGENTURA-R_small.jpg\" alt=\"logo\" width=\"150\" height=\"102\" \/><\/p>\n<p><strong>Penzion Diana<\/strong> *** <strong>Villa Diana<\/strong><br \/>\nJene\u010dsk\u00e1 227<br \/>\n294 21 B\u011bl\u00e1 pod Bezd\u011bzem<\/p>\n<p>GPS:\u00a050\u00b050&#8217;33.408&#8243;N, 14\u00b080&#8217;15.572&#8243;E<\/p>\n<p>Mobil: +420 737 563 573<\/p>\n<p>Email: <a href=\"mailto:info@dianapenzion.cz\">info@dianapenzion.cz<\/a><br \/>\n<a href=\"https:\/\/www.dianapenzion.cz\">https:\/\/www.dianapenzion.cz<\/a><\/p>\n<p>Pokud n\u00e1s nem\u016f\u017eete naj\u00edt nev\u00e1hejte a zavolejte!<\/p>\n<p>T\u011b\u0161\u00edme se na V\u00e1s!<\/p>\n<p><strong>Autem<\/strong> &#8211; od Mlad\u00e9 Boleslavi sm\u011br \u010cesk\u00e1 L\u00edpa, v B\u011bl\u00e9 pod Bezd\u011bzem od n\u00e1m\u011bst\u00ed druh\u00e1 ulice vpravo.<br \/>\n<strong>Autobusem<\/strong> &#8211; P\u0159\u00edm\u00e1 linka Praha-B\u011bl\u00e1 pod Bezd\u011bzem, nebo Mlad\u00e1 Boleslav -B\u011bl\u00e1 pod Bezd\u011bzem, vystoupit v B\u011bl\u00e9 pod Bezd\u011bzem na n\u00e1m\u011bst\u00ed a odtud p\u011b\u0161ky asi 200 m po hlavn\u00ed silnici sm\u011br vlevo a druh\u00e1 ulice za n\u00e1m\u011bst\u00edm vpravo.<br \/>\n<strong>Vlakem<\/strong> &#8211; na stanici B\u011bl\u00e1 pod Bezd\u011bzem-M\u011aSTO vystoupit a d\u00e1le p\u011b\u0161ky asi 2 km sm\u011br n\u00e1m\u011bst\u00ed.<\/p>\n<p><a href=\"https:\/\/mapy.cz\/zakladni?x=14.8004574&amp;y=50.5032385&amp;z=16&amp;source=firm&amp;id=423989&amp;q=diana%20penzion\"><img loading=\"lazy\" class=\"alignnone size-medium wp-image-239\" src=\"https:\/\/www.dianapenzion.cz\/web\/wp-content\/uploads\/2013\/05\/mapa-300x245.jpg\" alt=\"mapa\" width=\"300\" height=\"245\" srcset=\"https:\/\/www.dianapenzion.cz\/web\/wp-content\/uploads\/2013\/05\/mapa-300x245.jpg 300w, https:\/\/www.dianapenzion.cz\/web\/wp-content\/uploads\/2013\/05\/mapa.jpg 516w\" sizes=\"(max-width: 300px) 100vw, 300px\" \/><\/a><\/p>\n<\/div><div class=\"c-one-half \">\n<h3><em><strong>Napi\u0161te n\u00e1m \/ rezervace<br \/>\n<\/strong><\/em><\/h3>\n<div role=\"form\" class=\"wpcf7\" id=\"wpcf7-f79-o1\" lang=\"en-US\" dir=\"ltr\">\n<div class=\"screen-reader-response\"><p role=\"status\" aria-live=\"polite\" aria-atomic=\"true\"><\/p> <ul><\/ul><\/div>\n<form action=\"\/web\/wp-json\/wp\/v2\/pages\/34#wpcf7-f79-o1\" method=\"post\" class=\"wpcf7-form init\" novalidate=\"novalidate\" data-status=\"init\">\n<div style=\"display: none;\">\n<input type=\"hidden\" name=\"_wpcf7\" value=\"79\" \/>\n<input type=\"hidden\" name=\"_wpcf7_version\" value=\"5.4.2\" \/>\n<input type=\"hidden\" name=\"_wpcf7_locale\" value=\"en_US\" \/>\n<input type=\"hidden\" name=\"_wpcf7_unit_tag\" value=\"wpcf7-f79-o1\" \/>\n<input type=\"hidden\" name=\"_wpcf7_container_post\" value=\"0\" \/>\n<input type=\"hidden\" name=\"_wpcf7_posted_data_hash\" value=\"\" \/>\n<\/div>\n<p>Va\u0161e jm\u00e9no (vy\u017eadov\u00e1no)<br \/>\n    <span class=\"wpcf7-form-control-wrap your-name\"><input type=\"text\" name=\"your-name\" value=\"\" size=\"40\" class=\"wpcf7-form-control wpcf7-text wpcf7-validates-as-required\" aria-required=\"true\" aria-invalid=\"false\" \/><\/span> <\/p>\n<p>V\u00e1\u0161 email (vy\u017eadov\u00e1no)<br \/>\n    <span class=\"wpcf7-form-control-wrap your-email\"><input type=\"email\" name=\"your-email\" value=\"\" size=\"40\" class=\"wpcf7-form-control wpcf7-text wpcf7-email wpcf7-validates-as-required wpcf7-validates-as-email\" aria-required=\"true\" aria-invalid=\"false\" \/><\/span> <\/p>\n<p>V\u00e1\u0161 telefon (vy\u017eadov\u00e1no)<br \/>\n   <span class=\"wpcf7-form-control-wrap text-602\"><input type=\"text\" name=\"text-602\" value=\"\" size=\"40\" class=\"wpcf7-form-control wpcf7-text wpcf7-validates-as-required\" aria-required=\"true\" aria-invalid=\"false\" \/><\/span> <\/p>\n<p>P\u0159edm\u011bt<br \/>\n    <span class=\"wpcf7-form-control-wrap your-subject\"><input type=\"text\" name=\"your-subject\" value=\"\" size=\"40\" class=\"wpcf7-form-control wpcf7-text\" aria-invalid=\"false\" \/><\/span> <\/p>\n<p>Datum p\u0159\u00edjezdu<br \/>\n   <span class=\"wpcf7-form-control-wrap date-560\"><input type=\"text\" name=\"date-560\" value=\"\" size=\"40\" class=\"wpcf7-form-control wpcf7-date\" \/> <\/span> <\/p>\n<p>Datum odjezdu<br \/>\n   <span class=\"wpcf7-form-control-wrap date-653\"><input type=\"text\" name=\"date-653\" value=\"\" size=\"40\" class=\"wpcf7-form-control wpcf7-date\" \/> <\/span> <\/p>\n<p>Va\u0161e zpr\u00e1va<br \/>\n    <span class=\"wpcf7-form-control-wrap your-message\"><textarea name=\"your-message\" cols=\"40\" rows=\"10\" class=\"wpcf7-form-control wpcf7-textarea\" aria-invalid=\"false\"><\/textarea><\/span> <\/p>\n<p><input type=\"submit\" value=\"Odeslat zpr\u00e1vu\" class=\"wpcf7-form-control wpcf7-submit\" \/><\/p>\n<div class=\"wpcf7-response-output\" aria-hidden=\"true\"><\/div><\/form><\/div>\n<\/div><\/div><\/p>\n<div class=\"divider-arrow\"><div><\/div><\/div>\n","protected":false},"excerpt":{"rendered":"","protected":false},"author":1,"featured_media":0,"parent":0,"menu_order":0,"comment_status":"closed","ping_status":"open","template":"","meta":{"ngg_post_thumbnail":0,"_links_to":"","_links_to_target":""},"yoast_head":"<!-- This site is optimized with the Yoast SEO plugin v16.8 - https:\/\/yoast.com\/wordpress\/plugins\/seo\/ -->\n<meta name=\"description\" content=\"Ubytov\u00e1n\u00ed B\u011bl\u00e1 pod Bezd\u011bzem, penzion, Mlad\u00e1 Boleslav, \u010cesk\u00fd R\u00e1j, Hrad, Bezd\u011bz\" \/>\n<meta name=\"robots\" content=\"index, follow, max-snippet:-1, max-image-preview:large, max-video-preview:-1\" \/>\n<link rel=\"canonical\" href=\"https:\/\/www.dianapenzion.cz\/web\/kontakty\/\" \/>\n<meta property=\"og:locale\" content=\"cs_CZ\" \/>\n<meta property=\"og:type\" content=\"article\" \/>\n<meta property=\"og:title\" content=\"Kontakty - Ubytov\u00e1n\u00ed B\u011bl\u00e1 pod Bezd\u011bzem\" \/>\n<meta property=\"og:description\" content=\"Ubytov\u00e1n\u00ed B\u011bl\u00e1 pod Bezd\u011bzem, penzion, Mlad\u00e1 Boleslav, \u010cesk\u00fd R\u00e1j, Hrad, Bezd\u011bz\" \/>\n<meta property=\"og:url\" content=\"https:\/\/www.dianapenzion.cz\/web\/kontakty\/\" \/>\n<meta property=\"og:site_name\" content=\"Ubytov\u00e1n\u00ed B\u011bl\u00e1 pod Bezd\u011bzem\" \/>\n<meta property=\"article:modified_time\" content=\"2020-01-06T14:35:52+00:00\" \/>\n<meta property=\"og:image\" content=\"https:\/\/www.dianapenzion.cz\/web\/wp-content\/uploads\/2018\/12\/Logo-AGENTURA-R_small.jpg\" \/>\n<meta name=\"twitter:label1\" content=\"Odhadovan\u00e1 doba \u010dten\u00ed\" \/>\n\t<meta name=\"twitter:data1\" content=\"1 minuta\" \/>\n<script type=\"application\/ld+json\" class=\"yoast-schema-graph\">{\"@context\":\"https:\/\/schema.org\",\"@graph\":[{\"@type\":\"WebSite\",\"@id\":\"https:\/\/www.dianapenzion.cz\/web\/#website\",\"url\":\"https:\/\/www.dianapenzion.cz\/web\/\",\"name\":\"Ubytov\\u00e1n\\u00ed B\\u011bl\\u00e1 pod Bezd\\u011bzem\",\"description\":\"Penzion Diana\",\"potentialAction\":[{\"@type\":\"SearchAction\",\"target\":{\"@type\":\"EntryPoint\",\"urlTemplate\":\"https:\/\/www.dianapenzion.cz\/web\/?s={search_term_string}\"},\"query-input\":\"required name=search_term_string\"}],\"inLanguage\":\"cs\"},{\"@type\":\"ImageObject\",\"@id\":\"https:\/\/www.dianapenzion.cz\/web\/kontakty\/#primaryimage\",\"inLanguage\":\"cs\",\"url\":\"https:\/\/www.dianapenzion.cz\/web\/wp-content\/uploads\/2018\/12\/Logo-AGENTURA-R_small.jpg\",\"contentUrl\":\"https:\/\/www.dianapenzion.cz\/web\/wp-content\/uploads\/2018\/12\/Logo-AGENTURA-R_small.jpg\",\"width\":125,\"height\":82},{\"@type\":\"WebPage\",\"@id\":\"https:\/\/www.dianapenzion.cz\/web\/kontakty\/#webpage\",\"url\":\"https:\/\/www.dianapenzion.cz\/web\/kontakty\/\",\"name\":\"Kontakty - Ubytov\\u00e1n\\u00ed B\\u011bl\\u00e1 pod Bezd\\u011bzem\",\"isPartOf\":{\"@id\":\"https:\/\/www.dianapenzion.cz\/web\/#website\"},\"primaryImageOfPage\":{\"@id\":\"https:\/\/www.dianapenzion.cz\/web\/kontakty\/#primaryimage\"},\"datePublished\":\"2013-05-12T09:30:04+00:00\",\"dateModified\":\"2020-01-06T14:35:52+00:00\",\"description\":\"Ubytov\\u00e1n\\u00ed B\\u011bl\\u00e1 pod Bezd\\u011bzem, penzion, Mlad\\u00e1 Boleslav, \\u010cesk\\u00fd R\\u00e1j, Hrad, Bezd\\u011bz\",\"breadcrumb\":{\"@id\":\"https:\/\/www.dianapenzion.cz\/web\/kontakty\/#breadcrumb\"},\"inLanguage\":\"cs\",\"potentialAction\":[{\"@type\":\"ReadAction\",\"target\":[\"https:\/\/www.dianapenzion.cz\/web\/kontakty\/\"]}]},{\"@type\":\"BreadcrumbList\",\"@id\":\"https:\/\/www.dianapenzion.cz\/web\/kontakty\/#breadcrumb\",\"itemListElement\":[{\"@type\":\"ListItem\",\"position\":1,\"name\":\"Kontakty\"}]}]}<\/script>\n<!-- \/ Yoast SEO plugin. -->","yoast_head_json":{"description":"Ubytov\u00e1n\u00ed B\u011bl\u00e1 pod Bezd\u011bzem, penzion, Mlad\u00e1 Boleslav, \u010cesk\u00fd R\u00e1j, Hrad, Bezd\u011bz","robots":{"index":"index","follow":"follow","max-snippet":"max-snippet:-1","max-image-preview":"max-image-preview:large","max-video-preview":"max-video-preview:-1"},"canonical":"https:\/\/www.dianapenzion.cz\/web\/kontakty\/","og_locale":"cs_CZ","og_type":"article","og_title":"Kontakty - Ubytov\u00e1n\u00ed B\u011bl\u00e1 pod Bezd\u011bzem","og_description":"Ubytov\u00e1n\u00ed B\u011bl\u00e1 pod Bezd\u011bzem, penzion, Mlad\u00e1 Boleslav, \u010cesk\u00fd R\u00e1j, Hrad, Bezd\u011bz","og_url":"https:\/\/www.dianapenzion.cz\/web\/kontakty\/","og_site_name":"Ubytov\u00e1n\u00ed B\u011bl\u00e1 pod Bezd\u011bzem","article_modified_time":"2020-01-06T14:35:52+00:00","og_image":[{"url":"https:\/\/www.dianapenzion.cz\/web\/wp-content\/uploads\/2018\/12\/Logo-AGENTURA-R_small.jpg"}],"twitter_misc":{"Odhadovan\u00e1 doba \u010dten\u00ed":"1 minuta"},"schema":{"@context":"https:\/\/schema.org","@graph":[{"@type":"WebSite","@id":"https:\/\/www.dianapenzion.cz\/web\/#website","url":"https:\/\/www.dianapenzion.cz\/web\/","name":"Ubytov\u00e1n\u00ed B\u011bl\u00e1 pod Bezd\u011bzem","description":"Penzion Diana","potentialAction":[{"@type":"SearchAction","target":{"@type":"EntryPoint","urlTemplate":"https:\/\/www.dianapenzion.cz\/web\/?s={search_term_string}"},"query-input":"required name=search_term_string"}],"inLanguage":"cs"},{"@type":"ImageObject","@id":"https:\/\/www.dianapenzion.cz\/web\/kontakty\/#primaryimage","inLanguage":"cs","url":"https:\/\/www.dianapenzion.cz\/web\/wp-content\/uploads\/2018\/12\/Logo-AGENTURA-R_small.jpg","contentUrl":"https:\/\/www.dianapenzion.cz\/web\/wp-content\/uploads\/2018\/12\/Logo-AGENTURA-R_small.jpg","width":125,"height":82},{"@type":"WebPage","@id":"https:\/\/www.dianapenzion.cz\/web\/kontakty\/#webpage","url":"https:\/\/www.dianapenzion.cz\/web\/kontakty\/","name":"Kontakty - Ubytov\u00e1n\u00ed B\u011bl\u00e1 pod Bezd\u011bzem","isPartOf":{"@id":"https:\/\/www.dianapenzion.cz\/web\/#website"},"primaryImageOfPage":{"@id":"https:\/\/www.dianapenzion.cz\/web\/kontakty\/#primaryimage"},"datePublished":"2013-05-12T09:30:04+00:00","dateModified":"2020-01-06T14:35:52+00:00","description":"Ubytov\u00e1n\u00ed B\u011bl\u00e1 pod Bezd\u011bzem, penzion, Mlad\u00e1 Boleslav, \u010cesk\u00fd R\u00e1j, Hrad, Bezd\u011bz","breadcrumb":{"@id":"https:\/\/www.dianapenzion.cz\/web\/kontakty\/#breadcrumb"},"inLanguage":"cs","potentialAction":[{"@type":"ReadAction","target":["https:\/\/www.dianapenzion.cz\/web\/kontakty\/"]}]},{"@type":"BreadcrumbList","@id":"https:\/\/www.dianapenzion.cz\/web\/kontakty\/#breadcrumb","itemListElement":[{"@type":"ListItem","position":1,"name":"Kontakty"}]}]}},"_links":{"self":[{"href":"https:\/\/www.dianapenzion.cz\/web\/wp-json\/wp\/v2\/pages\/34"}],"collection":[{"href":"https:\/\/www.dianapenzion.cz\/web\/wp-json\/wp\/v2\/pages"}],"about":[{"href":"https:\/\/www.dianapenzion.cz\/web\/wp-json\/wp\/v2\/types\/page"}],"author":[{"embeddable":true,"href":"https:\/\/www.dianapenzion.cz\/web\/wp-json\/wp\/v2\/users\/1"}],"replies":[{"embeddable":true,"href":"https:\/\/www.dianapenzion.cz\/web\/wp-json\/wp\/v2\/comments?post=34"}],"version-history":[{"count":5,"href":"https:\/\/www.dianapenzion.cz\/web\/wp-json\/wp\/v2\/pages\/34\/revisions"}],"predecessor-version":[{"id":1189,"href":"https:\/\/www.dianapenzion.cz\/web\/wp-json\/wp\/v2\/pages\/34\/revisions\/1189"}],"wp:attachment":[{"href":"https:\/\/www.dianapenzion.cz\/web\/wp-json\/wp\/v2\/media?parent=34"}],"curies":[{"name":"wp","href":"https:\/\/api.w.org\/{rel}","templated":true}]}}