{"id":623,"date":"2018-07-25T19:22:55","date_gmt":"2018-07-25T19:22:55","guid":{"rendered":"https:\/\/www.dianapenzion.cz\/web\/?page_id=623"},"modified":"2018-07-25T19:27:05","modified_gmt":"2018-07-25T19:27:05","slug":"penzion-diana","status":"publish","type":"page","link":"https:\/\/www.dianapenzion.cz\/web\/fotogalerie\/penzion-diana\/","title":{"rendered":"Penzion Diana *** Villa Diana *** ubytov\u00e1n\u00ed v soukrom\u00ed"},"content":{"rendered":"<!-- index.php -->\n<div\n\tclass=\"ngg-galleryoverview ngg-ajax-pagination-none\"\n\tid=\"ngg-gallery-52857c082aa6f1909dbbf9ae2ca9b664-1\">\n\n    \t\t<!-- Thumbnails -->\n\t\t\t\t<div id=\"ngg-image-0\" class=\"ngg-gallery-thumbnail-box\" >\n\t\t\t\t        <div class=\"ngg-gallery-thumbnail\">\n            <a href=\"https:\/\/www.dianapenzion.cz\/web\/wp-content\/gallery\/penzion-diana-villa-diana-ubytovani-v-soukromi\/p7065090.jpg\"\n               title=\"\"\n               data-src=\"https:\/\/www.dianapenzion.cz\/web\/wp-content\/gallery\/penzion-diana-villa-diana-ubytovani-v-soukromi\/p7065090.jpg\"\n               data-thumbnail=\"https:\/\/www.dianapenzion.cz\/web\/wp-content\/gallery\/penzion-diana-villa-diana-ubytovani-v-soukromi\/thumbs\/thumbs_p7065090.jpg\"\n               data-image-id=\"916\"\n               data-title=\"OLYMPUS DIGITAL CAMERA\"\n               data-description=\"\"\n               data-image-slug=\"p7065090-1\"\n               class=\"ngg-fancybox\" rel=\"52857c082aa6f1909dbbf9ae2ca9b664\">\n                <img\n                    title=\"OLYMPUS DIGITAL CAMERA\"\n                    alt=\"OLYMPUS DIGITAL CAMERA\"\n                    src=\"https:\/\/www.dianapenzion.cz\/web\/wp-content\/gallery\/penzion-diana-villa-diana-ubytovani-v-soukromi\/thumbs\/thumbs_p7065090.jpg\"\n                    width=\"240\"\n                    height=\"160\"\n                    style=\"max-width:100%;\"\n                \/>\n            <\/a>\n        <\/div>\n\t\t\t\t\t\t\t<\/div> \n\t\t\t\n        \n\t\t\t\t<div id=\"ngg-image-1\" class=\"ngg-gallery-thumbnail-box\" >\n\t\t\t\t        <div class=\"ngg-gallery-thumbnail\">\n            <a href=\"https:\/\/www.dianapenzion.cz\/web\/wp-content\/gallery\/penzion-diana-villa-diana-ubytovani-v-soukromi\/p7065066.jpg\"\n               title=\"\"\n               data-src=\"https:\/\/www.dianapenzion.cz\/web\/wp-content\/gallery\/penzion-diana-villa-diana-ubytovani-v-soukromi\/p7065066.jpg\"\n               data-thumbnail=\"https:\/\/www.dianapenzion.cz\/web\/wp-content\/gallery\/penzion-diana-villa-diana-ubytovani-v-soukromi\/thumbs\/thumbs_p7065066.jpg\"\n               data-image-id=\"914\"\n               data-title=\"OLYMPUS DIGITAL CAMERA\"\n               data-description=\"\"\n               data-image-slug=\"p7065066-1\"\n               class=\"ngg-fancybox\" rel=\"52857c082aa6f1909dbbf9ae2ca9b664\">\n                <img\n                    title=\"OLYMPUS DIGITAL CAMERA\"\n                    alt=\"OLYMPUS DIGITAL CAMERA\"\n                    src=\"https:\/\/www.dianapenzion.cz\/web\/wp-content\/gallery\/penzion-diana-villa-diana-ubytovani-v-soukromi\/thumbs\/thumbs_p7065066.jpg\"\n                    width=\"240\"\n                    height=\"160\"\n                    style=\"max-width:100%;\"\n                \/>\n            <\/a>\n        <\/div>\n\t\t\t\t\t\t\t<\/div> \n\t\t\t\n        \n\t\t\t\t<div id=\"ngg-image-2\" class=\"ngg-gallery-thumbnail-box\" >\n\t\t\t\t        <div class=\"ngg-gallery-thumbnail\">\n            <a href=\"https:\/\/www.dianapenzion.cz\/web\/wp-content\/gallery\/penzion-diana-villa-diana-ubytovani-v-soukromi\/p7065068.jpg\"\n               title=\"\"\n               data-src=\"https:\/\/www.dianapenzion.cz\/web\/wp-content\/gallery\/penzion-diana-villa-diana-ubytovani-v-soukromi\/p7065068.jpg\"\n               data-thumbnail=\"https:\/\/www.dianapenzion.cz\/web\/wp-content\/gallery\/penzion-diana-villa-diana-ubytovani-v-soukromi\/thumbs\/thumbs_p7065068.jpg\"\n               data-image-id=\"913\"\n               data-title=\"OLYMPUS DIGITAL CAMERA\"\n               data-description=\"\"\n               data-image-slug=\"p7065068-1\"\n               class=\"ngg-fancybox\" rel=\"52857c082aa6f1909dbbf9ae2ca9b664\">\n                <img\n                    title=\"OLYMPUS DIGITAL CAMERA\"\n                    alt=\"OLYMPUS DIGITAL CAMERA\"\n                    src=\"https:\/\/www.dianapenzion.cz\/web\/wp-content\/gallery\/penzion-diana-villa-diana-ubytovani-v-soukromi\/thumbs\/thumbs_p7065068.jpg\"\n                    width=\"240\"\n                    height=\"160\"\n                    style=\"max-width:100%;\"\n                \/>\n            <\/a>\n        <\/div>\n\t\t\t\t\t\t\t<\/div> \n\t\t\t\n        \n\t\t\t\t<div id=\"ngg-image-3\" class=\"ngg-gallery-thumbnail-box\" >\n\t\t\t\t        <div class=\"ngg-gallery-thumbnail\">\n            <a href=\"https:\/\/www.dianapenzion.cz\/web\/wp-content\/gallery\/penzion-diana-villa-diana-ubytovani-v-soukromi\/p7065069.jpg\"\n               title=\"\"\n               data-src=\"https:\/\/www.dianapenzion.cz\/web\/wp-content\/gallery\/penzion-diana-villa-diana-ubytovani-v-soukromi\/p7065069.jpg\"\n               data-thumbnail=\"https:\/\/www.dianapenzion.cz\/web\/wp-content\/gallery\/penzion-diana-villa-diana-ubytovani-v-soukromi\/thumbs\/thumbs_p7065069.jpg\"\n               data-image-id=\"915\"\n               data-title=\"OLYMPUS DIGITAL CAMERA\"\n               data-description=\"\"\n               data-image-slug=\"p7065069-1\"\n               class=\"ngg-fancybox\" rel=\"52857c082aa6f1909dbbf9ae2ca9b664\">\n                <img\n                    title=\"OLYMPUS DIGITAL CAMERA\"\n                    alt=\"OLYMPUS DIGITAL CAMERA\"\n                    src=\"https:\/\/www.dianapenzion.cz\/web\/wp-content\/gallery\/penzion-diana-villa-diana-ubytovani-v-soukromi\/thumbs\/thumbs_p7065069.jpg\"\n                    width=\"240\"\n                    height=\"160\"\n                    style=\"max-width:100%;\"\n                \/>\n            <\/a>\n        <\/div>\n\t\t\t\t\t\t\t<\/div> \n\t\t\t\n        \n\t\t\t\t<div id=\"ngg-image-4\" class=\"ngg-gallery-thumbnail-box\" >\n\t\t\t\t        <div class=\"ngg-gallery-thumbnail\">\n            <a href=\"https:\/\/www.dianapenzion.cz\/web\/wp-content\/gallery\/penzion-diana-villa-diana-ubytovani-v-soukromi\/p7065065.jpg\"\n               title=\"\"\n               data-src=\"https:\/\/www.dianapenzion.cz\/web\/wp-content\/gallery\/penzion-diana-villa-diana-ubytovani-v-soukromi\/p7065065.jpg\"\n               data-thumbnail=\"https:\/\/www.dianapenzion.cz\/web\/wp-content\/gallery\/penzion-diana-villa-diana-ubytovani-v-soukromi\/thumbs\/thumbs_p7065065.jpg\"\n               data-image-id=\"912\"\n               data-title=\"OLYMPUS DIGITAL CAMERA\"\n               data-description=\"\"\n               data-image-slug=\"p7065065-1\"\n               class=\"ngg-fancybox\" rel=\"52857c082aa6f1909dbbf9ae2ca9b664\">\n                <img\n                    title=\"OLYMPUS DIGITAL CAMERA\"\n                    alt=\"OLYMPUS DIGITAL CAMERA\"\n                    src=\"https:\/\/www.dianapenzion.cz\/web\/wp-content\/gallery\/penzion-diana-villa-diana-ubytovani-v-soukromi\/thumbs\/thumbs_p7065065.jpg\"\n                    width=\"240\"\n                    height=\"160\"\n                    style=\"max-width:100%;\"\n                \/>\n            <\/a>\n        <\/div>\n\t\t\t\t\t\t\t<\/div> \n\t\t\t\n        \n\t\t\t\t<div id=\"ngg-image-5\" class=\"ngg-gallery-thumbnail-box\" >\n\t\t\t\t        <div class=\"ngg-gallery-thumbnail\">\n            <a href=\"https:\/\/www.dianapenzion.cz\/web\/wp-content\/gallery\/penzion-diana-villa-diana-ubytovani-v-soukromi\/dsc_6495.jpg\"\n               title=\"\"\n               data-src=\"https:\/\/www.dianapenzion.cz\/web\/wp-content\/gallery\/penzion-diana-villa-diana-ubytovani-v-soukromi\/dsc_6495.jpg\"\n               data-thumbnail=\"https:\/\/www.dianapenzion.cz\/web\/wp-content\/gallery\/penzion-diana-villa-diana-ubytovani-v-soukromi\/thumbs\/thumbs_dsc_6495.jpg\"\n               data-image-id=\"904\"\n               data-title=\"dsc_6495\"\n               data-description=\"\"\n               data-image-slug=\"dsc_6495-1\"\n               class=\"ngg-fancybox\" rel=\"52857c082aa6f1909dbbf9ae2ca9b664\">\n                <img\n                    title=\"dsc_6495\"\n                    alt=\"dsc_6495\"\n                    src=\"https:\/\/www.dianapenzion.cz\/web\/wp-content\/gallery\/penzion-diana-villa-diana-ubytovani-v-soukromi\/thumbs\/thumbs_dsc_6495.jpg\"\n                    width=\"240\"\n                    height=\"160\"\n                    style=\"max-width:100%;\"\n                \/>\n            <\/a>\n        <\/div>\n\t\t\t\t\t\t\t<\/div> \n\t\t\t\n        \n\t\t\t\t<div id=\"ngg-image-6\" class=\"ngg-gallery-thumbnail-box\" >\n\t\t\t\t        <div class=\"ngg-gallery-thumbnail\">\n            <a href=\"https:\/\/www.dianapenzion.cz\/web\/wp-content\/gallery\/penzion-diana-villa-diana-ubytovani-v-soukromi\/dsc_6498.jpg\"\n               title=\"\"\n               data-src=\"https:\/\/www.dianapenzion.cz\/web\/wp-content\/gallery\/penzion-diana-villa-diana-ubytovani-v-soukromi\/dsc_6498.jpg\"\n               data-thumbnail=\"https:\/\/www.dianapenzion.cz\/web\/wp-content\/gallery\/penzion-diana-villa-diana-ubytovani-v-soukromi\/thumbs\/thumbs_dsc_6498.jpg\"\n               data-image-id=\"905\"\n               data-title=\"dsc_6498\"\n               data-description=\"\"\n               data-image-slug=\"dsc_6498-1\"\n               class=\"ngg-fancybox\" rel=\"52857c082aa6f1909dbbf9ae2ca9b664\">\n                <img\n                    title=\"dsc_6498\"\n                    alt=\"dsc_6498\"\n                    src=\"https:\/\/www.dianapenzion.cz\/web\/wp-content\/gallery\/penzion-diana-villa-diana-ubytovani-v-soukromi\/thumbs\/thumbs_dsc_6498.jpg\"\n                    width=\"240\"\n                    height=\"160\"\n                    style=\"max-width:100%;\"\n                \/>\n            <\/a>\n        <\/div>\n\t\t\t\t\t\t\t<\/div> \n\t\t\t\n        \n\t\t\t\t<div id=\"ngg-image-7\" class=\"ngg-gallery-thumbnail-box\" >\n\t\t\t\t        <div class=\"ngg-gallery-thumbnail\">\n            <a href=\"https:\/\/www.dianapenzion.cz\/web\/wp-content\/gallery\/penzion-diana-villa-diana-ubytovani-v-soukromi\/dsc_6501.jpg\"\n               title=\"\"\n               data-src=\"https:\/\/www.dianapenzion.cz\/web\/wp-content\/gallery\/penzion-diana-villa-diana-ubytovani-v-soukromi\/dsc_6501.jpg\"\n               data-thumbnail=\"https:\/\/www.dianapenzion.cz\/web\/wp-content\/gallery\/penzion-diana-villa-diana-ubytovani-v-soukromi\/thumbs\/thumbs_dsc_6501.jpg\"\n               data-image-id=\"907\"\n               data-title=\"dsc_6501\"\n               data-description=\"\"\n               data-image-slug=\"dsc_6501-1\"\n               class=\"ngg-fancybox\" rel=\"52857c082aa6f1909dbbf9ae2ca9b664\">\n                <img\n                    title=\"dsc_6501\"\n                    alt=\"dsc_6501\"\n                    src=\"https:\/\/www.dianapenzion.cz\/web\/wp-content\/gallery\/penzion-diana-villa-diana-ubytovani-v-soukromi\/thumbs\/thumbs_dsc_6501.jpg\"\n                    width=\"240\"\n                    height=\"160\"\n                    style=\"max-width:100%;\"\n                \/>\n            <\/a>\n        <\/div>\n\t\t\t\t\t\t\t<\/div> \n\t\t\t\n        \n\t\t\t\t<div id=\"ngg-image-8\" class=\"ngg-gallery-thumbnail-box\" >\n\t\t\t\t        <div class=\"ngg-gallery-thumbnail\">\n            <a href=\"https:\/\/www.dianapenzion.cz\/web\/wp-content\/gallery\/penzion-diana-villa-diana-ubytovani-v-soukromi\/dsc_6503.jpg\"\n               title=\"\"\n               data-src=\"https:\/\/www.dianapenzion.cz\/web\/wp-content\/gallery\/penzion-diana-villa-diana-ubytovani-v-soukromi\/dsc_6503.jpg\"\n               data-thumbnail=\"https:\/\/www.dianapenzion.cz\/web\/wp-content\/gallery\/penzion-diana-villa-diana-ubytovani-v-soukromi\/thumbs\/thumbs_dsc_6503.jpg\"\n               data-image-id=\"908\"\n               data-title=\"dsc_6503\"\n               data-description=\"\"\n               data-image-slug=\"dsc_6503-1\"\n               class=\"ngg-fancybox\" rel=\"52857c082aa6f1909dbbf9ae2ca9b664\">\n                <img\n                    title=\"dsc_6503\"\n                    alt=\"dsc_6503\"\n                    src=\"https:\/\/www.dianapenzion.cz\/web\/wp-content\/gallery\/penzion-diana-villa-diana-ubytovani-v-soukromi\/thumbs\/thumbs_dsc_6503.jpg\"\n                    width=\"240\"\n                    height=\"160\"\n                    style=\"max-width:100%;\"\n                \/>\n            <\/a>\n        <\/div>\n\t\t\t\t\t\t\t<\/div> \n\t\t\t\n        \n\t\t\t\t<div id=\"ngg-image-9\" class=\"ngg-gallery-thumbnail-box\" >\n\t\t\t\t        <div class=\"ngg-gallery-thumbnail\">\n            <a href=\"https:\/\/www.dianapenzion.cz\/web\/wp-content\/gallery\/penzion-diana-villa-diana-ubytovani-v-soukromi\/dsc_6509.jpg\"\n               title=\"\"\n               data-src=\"https:\/\/www.dianapenzion.cz\/web\/wp-content\/gallery\/penzion-diana-villa-diana-ubytovani-v-soukromi\/dsc_6509.jpg\"\n               data-thumbnail=\"https:\/\/www.dianapenzion.cz\/web\/wp-content\/gallery\/penzion-diana-villa-diana-ubytovani-v-soukromi\/thumbs\/thumbs_dsc_6509.jpg\"\n               data-image-id=\"909\"\n               data-title=\"dsc_6509\"\n               data-description=\"\"\n               data-image-slug=\"dsc_6509-1\"\n               class=\"ngg-fancybox\" rel=\"52857c082aa6f1909dbbf9ae2ca9b664\">\n                <img\n                    title=\"dsc_6509\"\n                    alt=\"dsc_6509\"\n                    src=\"https:\/\/www.dianapenzion.cz\/web\/wp-content\/gallery\/penzion-diana-villa-diana-ubytovani-v-soukromi\/thumbs\/thumbs_dsc_6509.jpg\"\n                    width=\"240\"\n                    height=\"160\"\n                    style=\"max-width:100%;\"\n                \/>\n            <\/a>\n        <\/div>\n\t\t\t\t\t\t\t<\/div> \n\t\t\t\n        \n\t\t\t\t<div id=\"ngg-image-10\" class=\"ngg-gallery-thumbnail-box\" >\n\t\t\t\t        <div class=\"ngg-gallery-thumbnail\">\n            <a href=\"https:\/\/www.dianapenzion.cz\/web\/wp-content\/gallery\/penzion-diana-villa-diana-ubytovani-v-soukromi\/dsc_6512.jpg\"\n               title=\"\"\n               data-src=\"https:\/\/www.dianapenzion.cz\/web\/wp-content\/gallery\/penzion-diana-villa-diana-ubytovani-v-soukromi\/dsc_6512.jpg\"\n               data-thumbnail=\"https:\/\/www.dianapenzion.cz\/web\/wp-content\/gallery\/penzion-diana-villa-diana-ubytovani-v-soukromi\/thumbs\/thumbs_dsc_6512.jpg\"\n               data-image-id=\"906\"\n               data-title=\"dsc_6512\"\n               data-description=\"\"\n               data-image-slug=\"dsc_6512-1\"\n               class=\"ngg-fancybox\" rel=\"52857c082aa6f1909dbbf9ae2ca9b664\">\n                <img\n                    title=\"dsc_6512\"\n                    alt=\"dsc_6512\"\n                    src=\"https:\/\/www.dianapenzion.cz\/web\/wp-content\/gallery\/penzion-diana-villa-diana-ubytovani-v-soukromi\/thumbs\/thumbs_dsc_6512.jpg\"\n                    width=\"240\"\n                    height=\"160\"\n                    style=\"max-width:100%;\"\n                \/>\n            <\/a>\n        <\/div>\n\t\t\t\t\t\t\t<\/div> \n\t\t\t\n        \n\t\t\t\t<div id=\"ngg-image-11\" class=\"ngg-gallery-thumbnail-box\" >\n\t\t\t\t        <div class=\"ngg-gallery-thumbnail\">\n            <a href=\"https:\/\/www.dianapenzion.cz\/web\/wp-content\/gallery\/penzion-diana-villa-diana-ubytovani-v-soukromi\/dsc_6515.jpg\"\n               title=\"\"\n               data-src=\"https:\/\/www.dianapenzion.cz\/web\/wp-content\/gallery\/penzion-diana-villa-diana-ubytovani-v-soukromi\/dsc_6515.jpg\"\n               data-thumbnail=\"https:\/\/www.dianapenzion.cz\/web\/wp-content\/gallery\/penzion-diana-villa-diana-ubytovani-v-soukromi\/thumbs\/thumbs_dsc_6515.jpg\"\n               data-image-id=\"910\"\n               data-title=\"dsc_6515\"\n               data-description=\"\"\n               data-image-slug=\"dsc_6515-1\"\n               class=\"ngg-fancybox\" rel=\"52857c082aa6f1909dbbf9ae2ca9b664\">\n                <img\n                    title=\"dsc_6515\"\n                    alt=\"dsc_6515\"\n                    src=\"https:\/\/www.dianapenzion.cz\/web\/wp-content\/gallery\/penzion-diana-villa-diana-ubytovani-v-soukromi\/thumbs\/thumbs_dsc_6515.jpg\"\n                    width=\"240\"\n                    height=\"160\"\n                    style=\"max-width:100%;\"\n                \/>\n            <\/a>\n        <\/div>\n\t\t\t\t\t\t\t<\/div> \n\t\t\t\n        \n\t\t\t\t<div id=\"ngg-image-12\" class=\"ngg-gallery-thumbnail-box\" >\n\t\t\t\t        <div class=\"ngg-gallery-thumbnail\">\n            <a href=\"https:\/\/www.dianapenzion.cz\/web\/wp-content\/gallery\/penzion-diana-villa-diana-ubytovani-v-soukromi\/dsc_6527.jpg\"\n               title=\"\"\n               data-src=\"https:\/\/www.dianapenzion.cz\/web\/wp-content\/gallery\/penzion-diana-villa-diana-ubytovani-v-soukromi\/dsc_6527.jpg\"\n               data-thumbnail=\"https:\/\/www.dianapenzion.cz\/web\/wp-content\/gallery\/penzion-diana-villa-diana-ubytovani-v-soukromi\/thumbs\/thumbs_dsc_6527.jpg\"\n               data-image-id=\"911\"\n               data-title=\"dsc_6527\"\n               data-description=\"\"\n               data-image-slug=\"dsc_6527-1\"\n               class=\"ngg-fancybox\" rel=\"52857c082aa6f1909dbbf9ae2ca9b664\">\n                <img\n                    title=\"dsc_6527\"\n                    alt=\"dsc_6527\"\n                    src=\"https:\/\/www.dianapenzion.cz\/web\/wp-content\/gallery\/penzion-diana-villa-diana-ubytovani-v-soukromi\/thumbs\/thumbs_dsc_6527.jpg\"\n                    width=\"240\"\n                    height=\"160\"\n                    style=\"max-width:100%;\"\n                \/>\n            <\/a>\n        <\/div>\n\t\t\t\t\t\t\t<\/div> \n\t\t\t\n        \n\t\t\n\t\t<div class=\"ngg-clear\"><\/div>\n\t<\/div>\n\n<p>&nbsp;<\/p>\n","protected":false},"excerpt":{"rendered":"<p>&#8220; order_by=&#8220;sortorder&#8220; order_direction=&#8220;ASC&#8220; returns=&#8220;included&#8220; maximum_entity_count=&#8220;500&#8243;] &nbsp;<\/p>\n","protected":false},"author":1,"featured_media":0,"parent":84,"menu_order":0,"comment_status":"closed","ping_status":"closed","template":"","meta":{"ngg_post_thumbnail":0,"_links_to":"","_links_to_target":""},"yoast_head":"<!-- This site is optimized with the Yoast SEO plugin v16.8 - https:\/\/yoast.com\/wordpress\/plugins\/seo\/ -->\n<meta name=\"description\" content=\"Ubytov\u00e1n\u00ed B\u011bl\u00e1 pod Bezd\u011bzem, penzion, Mlad\u00e1 Boleslav, \u010cesk\u00fd R\u00e1j, Hrad, Bezd\u011bz\" \/>\n<meta name=\"robots\" content=\"index, follow, max-snippet:-1, max-image-preview:large, max-video-preview:-1\" \/>\n<link rel=\"canonical\" href=\"https:\/\/www.dianapenzion.cz\/web\/fotogalerie\/penzion-diana\/\" \/>\n<meta property=\"og:locale\" content=\"cs_CZ\" \/>\n<meta property=\"og:type\" content=\"article\" \/>\n<meta property=\"og:title\" content=\"Penzion Diana *** Villa Diana *** ubytov\u00e1n\u00ed v soukrom\u00ed - Ubytov\u00e1n\u00ed B\u011bl\u00e1 pod Bezd\u011bzem\" \/>\n<meta property=\"og:description\" content=\"Ubytov\u00e1n\u00ed B\u011bl\u00e1 pod Bezd\u011bzem, penzion, Mlad\u00e1 Boleslav, \u010cesk\u00fd R\u00e1j, Hrad, Bezd\u011bz\" \/>\n<meta property=\"og:url\" content=\"https:\/\/www.dianapenzion.cz\/web\/fotogalerie\/penzion-diana\/\" \/>\n<meta property=\"og:site_name\" content=\"Ubytov\u00e1n\u00ed B\u011bl\u00e1 pod Bezd\u011bzem\" \/>\n<meta property=\"article:modified_time\" content=\"2018-07-25T19:27:05+00:00\" \/>\n<script type=\"application\/ld+json\" class=\"yoast-schema-graph\">{\"@context\":\"https:\/\/schema.org\",\"@graph\":[{\"@type\":\"WebSite\",\"@id\":\"https:\/\/www.dianapenzion.cz\/web\/#website\",\"url\":\"https:\/\/www.dianapenzion.cz\/web\/\",\"name\":\"Ubytov\\u00e1n\\u00ed B\\u011bl\\u00e1 pod Bezd\\u011bzem\",\"description\":\"Penzion Diana\",\"potentialAction\":[{\"@type\":\"SearchAction\",\"target\":{\"@type\":\"EntryPoint\",\"urlTemplate\":\"https:\/\/www.dianapenzion.cz\/web\/?s={search_term_string}\"},\"query-input\":\"required name=search_term_string\"}],\"inLanguage\":\"cs\"},{\"@type\":\"WebPage\",\"@id\":\"https:\/\/www.dianapenzion.cz\/web\/fotogalerie\/penzion-diana\/#webpage\",\"url\":\"https:\/\/www.dianapenzion.cz\/web\/fotogalerie\/penzion-diana\/\",\"name\":\"Penzion Diana *** Villa Diana *** ubytov\\u00e1n\\u00ed v soukrom\\u00ed - Ubytov\\u00e1n\\u00ed B\\u011bl\\u00e1 pod Bezd\\u011bzem\",\"isPartOf\":{\"@id\":\"https:\/\/www.dianapenzion.cz\/web\/#website\"},\"datePublished\":\"2018-07-25T19:22:55+00:00\",\"dateModified\":\"2018-07-25T19:27:05+00:00\",\"description\":\"Ubytov\\u00e1n\\u00ed B\\u011bl\\u00e1 pod Bezd\\u011bzem, penzion, Mlad\\u00e1 Boleslav, \\u010cesk\\u00fd R\\u00e1j, Hrad, Bezd\\u011bz\",\"breadcrumb\":{\"@id\":\"https:\/\/www.dianapenzion.cz\/web\/fotogalerie\/penzion-diana\/#breadcrumb\"},\"inLanguage\":\"cs\",\"potentialAction\":[{\"@type\":\"ReadAction\",\"target\":[\"https:\/\/www.dianapenzion.cz\/web\/fotogalerie\/penzion-diana\/\"]}]},{\"@type\":\"BreadcrumbList\",\"@id\":\"https:\/\/www.dianapenzion.cz\/web\/fotogalerie\/penzion-diana\/#breadcrumb\",\"itemListElement\":[{\"@type\":\"ListItem\",\"position\":1,\"name\":\"Fotogalerie\",\"item\":\"https:\/\/www.dianapenzion.cz\/web\/fotogalerie\/\"},{\"@type\":\"ListItem\",\"position\":2,\"name\":\"Penzion Diana *** Villa Diana *** ubytov\\u00e1n\\u00ed v soukrom\\u00ed\"}]}]}<\/script>\n<!-- \/ Yoast SEO plugin. -->","yoast_head_json":{"description":"Ubytov\u00e1n\u00ed B\u011bl\u00e1 pod Bezd\u011bzem, penzion, Mlad\u00e1 Boleslav, \u010cesk\u00fd R\u00e1j, Hrad, Bezd\u011bz","robots":{"index":"index","follow":"follow","max-snippet":"max-snippet:-1","max-image-preview":"max-image-preview:large","max-video-preview":"max-video-preview:-1"},"canonical":"https:\/\/www.dianapenzion.cz\/web\/fotogalerie\/penzion-diana\/","og_locale":"cs_CZ","og_type":"article","og_title":"Penzion Diana *** Villa Diana *** ubytov\u00e1n\u00ed v soukrom\u00ed - Ubytov\u00e1n\u00ed B\u011bl\u00e1 pod Bezd\u011bzem","og_description":"Ubytov\u00e1n\u00ed B\u011bl\u00e1 pod Bezd\u011bzem, penzion, Mlad\u00e1 Boleslav, \u010cesk\u00fd R\u00e1j, Hrad, Bezd\u011bz","og_url":"https:\/\/www.dianapenzion.cz\/web\/fotogalerie\/penzion-diana\/","og_site_name":"Ubytov\u00e1n\u00ed B\u011bl\u00e1 pod Bezd\u011bzem","article_modified_time":"2018-07-25T19:27:05+00:00","schema":{"@context":"https:\/\/schema.org","@graph":[{"@type":"WebSite","@id":"https:\/\/www.dianapenzion.cz\/web\/#website","url":"https:\/\/www.dianapenzion.cz\/web\/","name":"Ubytov\u00e1n\u00ed B\u011bl\u00e1 pod Bezd\u011bzem","description":"Penzion Diana","potentialAction":[{"@type":"SearchAction","target":{"@type":"EntryPoint","urlTemplate":"https:\/\/www.dianapenzion.cz\/web\/?s={search_term_string}"},"query-input":"required name=search_term_string"}],"inLanguage":"cs"},{"@type":"WebPage","@id":"https:\/\/www.dianapenzion.cz\/web\/fotogalerie\/penzion-diana\/#webpage","url":"https:\/\/www.dianapenzion.cz\/web\/fotogalerie\/penzion-diana\/","name":"Penzion Diana *** Villa Diana *** ubytov\u00e1n\u00ed v soukrom\u00ed - Ubytov\u00e1n\u00ed B\u011bl\u00e1 pod Bezd\u011bzem","isPartOf":{"@id":"https:\/\/www.dianapenzion.cz\/web\/#website"},"datePublished":"2018-07-25T19:22:55+00:00","dateModified":"2018-07-25T19:27:05+00:00","description":"Ubytov\u00e1n\u00ed B\u011bl\u00e1 pod Bezd\u011bzem, penzion, Mlad\u00e1 Boleslav, \u010cesk\u00fd R\u00e1j, Hrad, Bezd\u011bz","breadcrumb":{"@id":"https:\/\/www.dianapenzion.cz\/web\/fotogalerie\/penzion-diana\/#breadcrumb"},"inLanguage":"cs","potentialAction":[{"@type":"ReadAction","target":["https:\/\/www.dianapenzion.cz\/web\/fotogalerie\/penzion-diana\/"]}]},{"@type":"BreadcrumbList","@id":"https:\/\/www.dianapenzion.cz\/web\/fotogalerie\/penzion-diana\/#breadcrumb","itemListElement":[{"@type":"ListItem","position":1,"name":"Fotogalerie","item":"https:\/\/www.dianapenzion.cz\/web\/fotogalerie\/"},{"@type":"ListItem","position":2,"name":"Penzion Diana *** Villa Diana *** ubytov\u00e1n\u00ed v soukrom\u00ed"}]}]}},"_links":{"self":[{"href":"https:\/\/www.dianapenzion.cz\/web\/wp-json\/wp\/v2\/pages\/623"}],"collection":[{"href":"https:\/\/www.dianapenzion.cz\/web\/wp-json\/wp\/v2\/pages"}],"about":[{"href":"https:\/\/www.dianapenzion.cz\/web\/wp-json\/wp\/v2\/types\/page"}],"author":[{"embeddable":true,"href":"https:\/\/www.dianapenzion.cz\/web\/wp-json\/wp\/v2\/users\/1"}],"replies":[{"embeddable":true,"href":"https:\/\/www.dianapenzion.cz\/web\/wp-json\/wp\/v2\/comments?post=623"}],"version-history":[{"count":3,"href":"https:\/\/www.dianapenzion.cz\/web\/wp-json\/wp\/v2\/pages\/623\/revisions"}],"predecessor-version":[{"id":652,"href":"https:\/\/www.dianapenzion.cz\/web\/wp-json\/wp\/v2\/pages\/623\/revisions\/652"}],"up":[{"embeddable":true,"href":"https:\/\/www.dianapenzion.cz\/web\/wp-json\/wp\/v2\/pages\/84"}],"wp:attachment":[{"href":"https:\/\/www.dianapenzion.cz\/web\/wp-json\/wp\/v2\/media?parent=623"}],"curies":[{"name":"wp","href":"https:\/\/api.w.org\/{rel}","templated":true}]}}