{"id":84,"date":"2013-05-18T14:12:26","date_gmt":"2013-05-18T14:12:26","guid":{"rendered":"http:\/\/www.dianapenzion.cz\/web\/?page_id=84"},"modified":"2018-07-27T08:07:35","modified_gmt":"2018-07-27T08:07:35","slug":"fotogalerie","status":"publish","type":"page","link":"https:\/\/www.dianapenzion.cz\/web\/fotogalerie\/","title":{"rendered":"Fotogalerie"},"content":{"rendered":"<div class=\"grid\"><div class=\"c-one-half \">\n<h4><a href=\"https:\/\/www.dianapenzion.cz\/web\/fotogalerie\/penzion-diana\/#\/adka.cz\/web\/fotogalerie\/penzion-diana-villa-diana-ubytovani-v-soukromi\/\">Penzion Diana *** Villa Diana *** ubytov\u00e1n\u00ed v soukrom\u00ed<br \/>\nv B\u011bl\u00e9 pod Bezd\u011bzem<\/a><\/h4>\n<p><a href=\"https:\/\/www.dianapenzion.cz\/web\/fotogalerie\/penzion-diana\/#\/adka.cz\/web\/fotogalerie\/penzion-diana-villa-diana-ubytovani-v-soukromi\/\"><img loading=\"lazy\" class=\"alignnone\" style=\"border: 1px solid black;\" src=\"https:\/\/www.dianapenzion.cz\/web\/wp-content\/uploads\/2018\/07\/p7065065.jpg\" alt=\"\" width=\"400\" height=\"300\"><\/a><\/p>\n<p>Ubytov\u00e1n\u00ed ve 2, 3, 4 a 5-ti l\u016f\u017ekov\u00fdch studi\u00edch a apartm\u00e1nech s vlastn\u00ed kuchy\u0148kou, chladni\u010dkou, s koupelnou a WC. Informace na: <a href=\"http:\/\/www.dianapenzion.cz\">http:\/\/www.dianapenzion.cz<\/a><\/div><br \/>\n<div class=\"c-one-half \">\n<h4><a href=\"https:\/\/www.dianapenzion.cz\/web\/fotogalerie\/seminare-a-skoleni\/\">Semin\u00e1\u0159e a \u0161kolen\u00ed<\/a><\/h4>\n<p><a href=\"https:\/\/www.dianapenzion.cz\/web\/fotogalerie\/seminare-a-skoleni\/\"><img loading=\"lazy\" class=\"alignnone\" style=\"border: 1px solid black;\" src=\"https:\/\/www.dianapenzion.cz\/web\/wp-content\/uploads\/2018\/07\/p7065087.jpg\" alt=\"\" width=\"400\" height=\"300\"><\/a><br \/>\nMo\u017enost pron\u00e1jmu k po\u0159\u00e1d\u00e1n\u00ed \u0161kolen\u00ed, semin\u00e1\u0159\u016f a vzd\u011bl\u00e1v\u00e1c\u00edch kurz\u016f.<\/div><\/div><\/p>\n<p>&nbsp;<\/p>\n<div class=\"grid\"><div class=\"c-one-half \">\n<h4><a href=\"https:\/\/www.dianapenzion.cz\/web\/fotogalerie\/chatova-osada-pohadka-bela-pod-bezdezem\/\">Chatov\u00e1 osada Poh\u00e1dka B\u011bl\u00e1 pod Bezd\u011bzem<\/a><\/h4>\n<p><a href=\"https:\/\/www.dianapenzion.cz\/web\/fotogalerie\/chatova-osada-pohadka-bela-pod-bezdezem\/\"><img loading=\"lazy\" class=\"alignnone\" style=\"border: 1px solid black;\" src=\"https:\/\/www.dianapenzion.cz\/web\/wp-content\/uploads\/2018\/07\/dsc_4537_result.jpg\" alt=\"\" width=\"400\" height=\"300\"><\/a><br \/>\nUbytov\u00e1n\u00ed ve 4 l\u016f\u017ekov\u00fdch chatk\u00e1ch. Vhodn\u00e9 pro d\u011btsk\u00e9 letn\u00ed t\u00e1bory, \u0161koln\u00ed v\u00fdlety, cyklisty i turisty, rekreanty i firmy, pro po\u0159\u00e1d\u00e1n\u00ed \u0161kolen\u00ed a semin\u00e1\u0159\u016f. Informace na: <a href=\"http:\/\/www.osadapohadka.cz\">http:\/\/www.osadapohadka.cz<\/a><br \/>\n<\/div><br \/>\n<div class=\"c-one-half \">\n<\/div><\/div><\/p>\n<div class=\"grid\"><div class=\"c-one-half \">\n<h4><a href=\"https:\/\/www.dianapenzion.cz\/web\/fotogalerie\/balonove-letani\/\">Bal\u00f3nov\u00e9 l\u00e9t\u00e1n\u00ed<\/a><\/h4>\n<p><a href=\"https:\/\/www.dianapenzion.cz\/web\/fotogalerie\/balonove-letani\/\"><img loading=\"lazy\" class=\"alignnone\" style=\"border: 1px solid black;\" src=\"https:\/\/www.dianapenzion.cz\/web\/wp-content\/uploads\/2018\/07\/dsc_2712.jpg\" alt=\"\" width=\"400\" height=\"300\"><\/a><br \/>\nKa\u017ed\u00fd rok, t\u0159et\u00ed v\u00edkend v \u010dervnu, se v B\u011bl\u00e9 pod Bezd\u011bzem po\u0159\u00e1d\u00e1 bal\u00f3nov\u00e9 l\u00e9t\u00e1n\u00ed.<\/div>\n<div class=\"c-one-half \">\n<h4><a href=\"https:\/\/www.dianapenzion.cz\/web\/fotogalerie\/staj-katerina-h-h\/\">St\u00e1j Kate\u0159ina H + H<\/a><\/h4>\n<p><a href=\"https:\/\/www.dianapenzion.cz\/web\/fotogalerie\/staj-katerina-h-h\/\"><img loading=\"lazy\" class=\"alignnone\" style=\"border: 1px solid black;\" src=\"https:\/\/www.dianapenzion.cz\/web\/wp-content\/uploads\/2018\/07\/jednosprezi_09.jpg\" alt=\"\" width=\"400\" height=\"300\"><\/a><br \/>\nVyj\u00ed\u017e\u010fky do malebn\u00e9 p\u0159\u00edrody ve voln\u00e9m \u010dase pro jednotlivce, rodi\u010de s d\u011btmi i pro cel\u00e9 skupiny.<br \/>\n<a href=\"http:\/\/www.stajkaterina.cz\">www.stajkaterina.cz<\/a><\/div><\/div>\n<h4><a href=\"https:\/\/www.dianapenzion.cz\/web\/fotogalerie\/hrad-bezdez\/\">HRAD BEZD\u011aZ<\/a><\/h4>\n<p><a href=\"https:\/\/www.dianapenzion.cz\/web\/fotogalerie\/hrad-bezdez\/\"><img loading=\"lazy\" class=\"alignnone\" style=\"border: 1px solid black;\" src=\"https:\/\/www.dianapenzion.cz\/web\/wp-content\/uploads\/2018\/07\/22-_prevod.jpg\" alt=\"\" width=\"800\" height=\"403\"><\/a><br \/>\nDominantu m\u011bsta tvo\u0159\u00ed 5 km vzd\u00e1len\u00fd hrad Bezd\u011bz. Pohled na n\u011bho je kr\u00e1sn\u00fd v ka\u017ed\u00e9m ro\u010dn\u00edm obdob\u00ed.<\/p>\n<div class=\"grid\"><div class=\"c-one-half \">\n<h4><a href=\"https:\/\/www.dianapenzion.cz\/web\/2-rornik-neni-bela-jako-bela-r-2014\/\">2. ro\u010dn\u00edk \u2013 Nen\u00ed B\u011bl\u00e1 jako B\u011bl\u00e1 r. 2014<\/a><\/h4>\n<p><a href=\"https:\/\/www.dianapenzion.cz\/web\/2-rornik-neni-bela-jako-bela-r-2014\/\"><img loading=\"lazy\" class=\"alignnone\" style=\"border: 1px solid black;\" src=\"https:\/\/www.dianapenzion.cz\/web\/wp-content\/gallery\/2-rornik-neni-bela-jako-bela-r-2014\/dsc_2563.jpg\" alt=\"\" width=\"400\" height=\"300\"><\/a><br \/>\n<\/div>\n<p><div class=\"c-one-half \"><\/div><\/div><br \/>\n<div class=\"divider-top meta\"><a class=\"meta\" href=\"#\">Zp\u011bt nahoru<\/a><div><\/div><\/div><\/p>\n","protected":false},"excerpt":{"rendered":"<p>&nbsp; HRAD BEZD\u011aZ Dominantu m\u011bsta tvo\u0159\u00ed 5 km vzd\u00e1len\u00fd hrad Bezd\u011bz. Pohled na n\u011bho je kr\u00e1sn\u00fd v ka\u017ed\u00e9m ro\u010dn\u00edm obdob\u00ed.<\/p>\n","protected":false},"author":1,"featured_media":0,"parent":0,"menu_order":0,"comment_status":"closed","ping_status":"open","template":"","meta":{"ngg_post_thumbnail":0,"_links_to":"","_links_to_target":""},"yoast_head":"<!-- This site is optimized with the Yoast SEO plugin v16.8 - https:\/\/yoast.com\/wordpress\/plugins\/seo\/ -->\n<meta name=\"description\" content=\"Ubytov\u00e1n\u00ed B\u011bl\u00e1 pod Bezd\u011bzem, penzion, Mlad\u00e1 Boleslav, \u010cesk\u00fd R\u00e1j, Hrad, Bezd\u011bz\" \/>\n<meta name=\"robots\" content=\"index, follow, max-snippet:-1, max-image-preview:large, max-video-preview:-1\" \/>\n<link rel=\"canonical\" href=\"https:\/\/www.dianapenzion.cz\/web\/fotogalerie\/\" \/>\n<meta property=\"og:locale\" content=\"cs_CZ\" \/>\n<meta property=\"og:type\" content=\"article\" \/>\n<meta property=\"og:title\" content=\"Fotogalerie - Ubytov\u00e1n\u00ed B\u011bl\u00e1 pod Bezd\u011bzem\" \/>\n<meta property=\"og:description\" content=\"Ubytov\u00e1n\u00ed B\u011bl\u00e1 pod Bezd\u011bzem, penzion, Mlad\u00e1 Boleslav, \u010cesk\u00fd R\u00e1j, Hrad, Bezd\u011bz\" \/>\n<meta property=\"og:url\" content=\"https:\/\/www.dianapenzion.cz\/web\/fotogalerie\/\" \/>\n<meta property=\"og:site_name\" content=\"Ubytov\u00e1n\u00ed B\u011bl\u00e1 pod Bezd\u011bzem\" \/>\n<meta property=\"article:modified_time\" content=\"2018-07-27T08:07:35+00:00\" \/>\n<meta property=\"og:image\" content=\"https:\/\/www.dianapenzion.cz\/web\/wp-content\/uploads\/2018\/07\/p7065065.jpg\" \/>\n<meta name=\"twitter:label1\" content=\"Odhadovan\u00e1 doba \u010dten\u00ed\" \/>\n\t<meta name=\"twitter:data1\" content=\"1 minuta\" \/>\n<script type=\"application\/ld+json\" class=\"yoast-schema-graph\">{\"@context\":\"https:\/\/schema.org\",\"@graph\":[{\"@type\":\"WebSite\",\"@id\":\"https:\/\/www.dianapenzion.cz\/web\/#website\",\"url\":\"https:\/\/www.dianapenzion.cz\/web\/\",\"name\":\"Ubytov\\u00e1n\\u00ed B\\u011bl\\u00e1 pod Bezd\\u011bzem\",\"description\":\"Penzion Diana\",\"potentialAction\":[{\"@type\":\"SearchAction\",\"target\":{\"@type\":\"EntryPoint\",\"urlTemplate\":\"https:\/\/www.dianapenzion.cz\/web\/?s={search_term_string}\"},\"query-input\":\"required name=search_term_string\"}],\"inLanguage\":\"cs\"},{\"@type\":\"ImageObject\",\"@id\":\"https:\/\/www.dianapenzion.cz\/web\/fotogalerie\/#primaryimage\",\"inLanguage\":\"cs\",\"url\":\"https:\/\/www.dianapenzion.cz\/web\/wp-content\/uploads\/2018\/07\/p7065065.jpg\",\"contentUrl\":\"https:\/\/www.dianapenzion.cz\/web\/wp-content\/uploads\/2018\/07\/p7065065.jpg\",\"width\":800,\"height\":600,\"caption\":\"OLYMPUS DIGITAL CAMERA\"},{\"@type\":\"WebPage\",\"@id\":\"https:\/\/www.dianapenzion.cz\/web\/fotogalerie\/#webpage\",\"url\":\"https:\/\/www.dianapenzion.cz\/web\/fotogalerie\/\",\"name\":\"Fotogalerie - Ubytov\\u00e1n\\u00ed B\\u011bl\\u00e1 pod Bezd\\u011bzem\",\"isPartOf\":{\"@id\":\"https:\/\/www.dianapenzion.cz\/web\/#website\"},\"primaryImageOfPage\":{\"@id\":\"https:\/\/www.dianapenzion.cz\/web\/fotogalerie\/#primaryimage\"},\"datePublished\":\"2013-05-18T14:12:26+00:00\",\"dateModified\":\"2018-07-27T08:07:35+00:00\",\"description\":\"Ubytov\\u00e1n\\u00ed B\\u011bl\\u00e1 pod Bezd\\u011bzem, penzion, Mlad\\u00e1 Boleslav, \\u010cesk\\u00fd R\\u00e1j, Hrad, Bezd\\u011bz\",\"breadcrumb\":{\"@id\":\"https:\/\/www.dianapenzion.cz\/web\/fotogalerie\/#breadcrumb\"},\"inLanguage\":\"cs\",\"potentialAction\":[{\"@type\":\"ReadAction\",\"target\":[\"https:\/\/www.dianapenzion.cz\/web\/fotogalerie\/\"]}]},{\"@type\":\"BreadcrumbList\",\"@id\":\"https:\/\/www.dianapenzion.cz\/web\/fotogalerie\/#breadcrumb\",\"itemListElement\":[{\"@type\":\"ListItem\",\"position\":1,\"name\":\"Fotogalerie\"}]}]}<\/script>\n<!-- \/ Yoast SEO plugin. -->","yoast_head_json":{"description":"Ubytov\u00e1n\u00ed B\u011bl\u00e1 pod Bezd\u011bzem, penzion, Mlad\u00e1 Boleslav, \u010cesk\u00fd R\u00e1j, Hrad, Bezd\u011bz","robots":{"index":"index","follow":"follow","max-snippet":"max-snippet:-1","max-image-preview":"max-image-preview:large","max-video-preview":"max-video-preview:-1"},"canonical":"https:\/\/www.dianapenzion.cz\/web\/fotogalerie\/","og_locale":"cs_CZ","og_type":"article","og_title":"Fotogalerie - Ubytov\u00e1n\u00ed B\u011bl\u00e1 pod Bezd\u011bzem","og_description":"Ubytov\u00e1n\u00ed B\u011bl\u00e1 pod Bezd\u011bzem, penzion, Mlad\u00e1 Boleslav, \u010cesk\u00fd R\u00e1j, Hrad, Bezd\u011bz","og_url":"https:\/\/www.dianapenzion.cz\/web\/fotogalerie\/","og_site_name":"Ubytov\u00e1n\u00ed B\u011bl\u00e1 pod Bezd\u011bzem","article_modified_time":"2018-07-27T08:07:35+00:00","og_image":[{"url":"https:\/\/www.dianapenzion.cz\/web\/wp-content\/uploads\/2018\/07\/p7065065.jpg"}],"twitter_misc":{"Odhadovan\u00e1 doba \u010dten\u00ed":"1 minuta"},"schema":{"@context":"https:\/\/schema.org","@graph":[{"@type":"WebSite","@id":"https:\/\/www.dianapenzion.cz\/web\/#website","url":"https:\/\/www.dianapenzion.cz\/web\/","name":"Ubytov\u00e1n\u00ed B\u011bl\u00e1 pod Bezd\u011bzem","description":"Penzion Diana","potentialAction":[{"@type":"SearchAction","target":{"@type":"EntryPoint","urlTemplate":"https:\/\/www.dianapenzion.cz\/web\/?s={search_term_string}"},"query-input":"required name=search_term_string"}],"inLanguage":"cs"},{"@type":"ImageObject","@id":"https:\/\/www.dianapenzion.cz\/web\/fotogalerie\/#primaryimage","inLanguage":"cs","url":"https:\/\/www.dianapenzion.cz\/web\/wp-content\/uploads\/2018\/07\/p7065065.jpg","contentUrl":"https:\/\/www.dianapenzion.cz\/web\/wp-content\/uploads\/2018\/07\/p7065065.jpg","width":800,"height":600,"caption":"OLYMPUS DIGITAL CAMERA"},{"@type":"WebPage","@id":"https:\/\/www.dianapenzion.cz\/web\/fotogalerie\/#webpage","url":"https:\/\/www.dianapenzion.cz\/web\/fotogalerie\/","name":"Fotogalerie - Ubytov\u00e1n\u00ed B\u011bl\u00e1 pod Bezd\u011bzem","isPartOf":{"@id":"https:\/\/www.dianapenzion.cz\/web\/#website"},"primaryImageOfPage":{"@id":"https:\/\/www.dianapenzion.cz\/web\/fotogalerie\/#primaryimage"},"datePublished":"2013-05-18T14:12:26+00:00","dateModified":"2018-07-27T08:07:35+00:00","description":"Ubytov\u00e1n\u00ed B\u011bl\u00e1 pod Bezd\u011bzem, penzion, Mlad\u00e1 Boleslav, \u010cesk\u00fd R\u00e1j, Hrad, Bezd\u011bz","breadcrumb":{"@id":"https:\/\/www.dianapenzion.cz\/web\/fotogalerie\/#breadcrumb"},"inLanguage":"cs","potentialAction":[{"@type":"ReadAction","target":["https:\/\/www.dianapenzion.cz\/web\/fotogalerie\/"]}]},{"@type":"BreadcrumbList","@id":"https:\/\/www.dianapenzion.cz\/web\/fotogalerie\/#breadcrumb","itemListElement":[{"@type":"ListItem","position":1,"name":"Fotogalerie"}]}]}},"_links":{"self":[{"href":"https:\/\/www.dianapenzion.cz\/web\/wp-json\/wp\/v2\/pages\/84"}],"collection":[{"href":"https:\/\/www.dianapenzion.cz\/web\/wp-json\/wp\/v2\/pages"}],"about":[{"href":"https:\/\/www.dianapenzion.cz\/web\/wp-json\/wp\/v2\/types\/page"}],"author":[{"embeddable":true,"href":"https:\/\/www.dianapenzion.cz\/web\/wp-json\/wp\/v2\/users\/1"}],"replies":[{"embeddable":true,"href":"https:\/\/www.dianapenzion.cz\/web\/wp-json\/wp\/v2\/comments?post=84"}],"version-history":[{"count":3,"href":"https:\/\/www.dianapenzion.cz\/web\/wp-json\/wp\/v2\/pages\/84\/revisions"}],"predecessor-version":[{"id":1159,"href":"https:\/\/www.dianapenzion.cz\/web\/wp-json\/wp\/v2\/pages\/84\/revisions\/1159"}],"wp:attachment":[{"href":"https:\/\/www.dianapenzion.cz\/web\/wp-json\/wp\/v2\/media?parent=84"}],"curies":[{"name":"wp","href":"https:\/\/api.w.org\/{rel}","templated":true}]}}